{"id":1257,"date":"2021-01-08T18:08:36","date_gmt":"2021-01-08T17:08:36","guid":{"rendered":"http:\/\/dev.museehuronwendat.ca\/?page_id=1257"},"modified":"2023-05-04T15:31:58","modified_gmt":"2023-05-04T19:31:58","slug":"contact-us-form","status":"publish","type":"page","link":"https:\/\/museehuronwendat.ca\/en\/informations\/contact-us-form\/","title":{"rendered":"Contact us form"},"content":{"rendered":"<div class=\"frm_forms  with_frm_style frm_style_kaweb-tw\" id=\"frm_form_7_container\" >\n<form enctype=\"multipart\/form-data\" method=\"post\" class=\"frm-show-form  frm_pro_form \" id=\"form_formulairededemandedinformationce995b7272\" >\n<div class=\"frm_form_fields \">\n<fieldset>\n<legend class=\"frm_screen_reader\">Information Request Form<\/legend>\r\n\r\n<div class=\"frm_fields_container\">\n<input type=\"hidden\" name=\"frm_action\" value=\"create\" \/>\n<input type=\"hidden\" name=\"form_id\" value=\"7\" \/>\n<input type=\"hidden\" name=\"frm_hide_fields_7\" id=\"frm_hide_fields_7\" value=\"\" \/>\n<input type=\"hidden\" name=\"form_key\" value=\"formulairededemandedinformationce995b7272\" \/>\n<input type=\"hidden\" name=\"item_meta[0]\" value=\"\" \/>\n<input type=\"hidden\" id=\"frm_submit_entry_7\" name=\"frm_submit_entry_7\" value=\"b0aba12d2d\" \/><input type=\"hidden\" name=\"_wp_http_referer\" value=\"\/en\/wp-json\/wp\/v2\/pages\/1257\" \/><div id=\"frm_field_65_container\" class=\"frm_form_field form-field  frm_required_field frm_top_container frm_first frm_half\">\r\n    <label for=\"field_iwiltd0ccbed0df\" id=\"field_iwiltd0ccbed0df_label\" class=\"frm_primary_label\">First Name\r\n        <span class=\"frm_required\">*<\/span>\r\n    <\/label>\r\n    <input  type=\"text\" id=\"field_iwiltd0ccbed0df\" name=\"item_meta[65]\" value=\"\"  data-reqmsg=\"Field cannot be empty\" aria-required=\"true\" data-invmsg=\"texte est non valide\" aria-invalid=\"false\"   \/>\r\n    \r\n    \r\n<\/div>\n<div id=\"frm_field_66_container\" class=\"frm_form_field form-field  frm_required_field frm_top_container frm_half\">\r\n    <label for=\"field_52tk3b613ad37a0\" id=\"field_52tk3b613ad37a0_label\" class=\"frm_primary_label\">Last name\r\n        <span class=\"frm_required\">*<\/span>\r\n    <\/label>\r\n    <input  type=\"text\" id=\"field_52tk3b613ad37a0\" name=\"item_meta[66]\" value=\"\"  data-reqmsg=\"Field cannot be empty\" aria-required=\"true\" data-invmsg=\"texte est non valide\" aria-invalid=\"false\"   \/>\r\n    \r\n    \r\n<\/div>\n<div id=\"frm_field_67_container\" class=\"frm_form_field form-field  frm_top_container frm_half frm_first\">\r\n    <label for=\"field_ze2fhe5217afa96\" id=\"field_ze2fhe5217afa96_label\" class=\"frm_primary_label\">Organization\r\n        <span class=\"frm_required\"><\/span>\r\n    <\/label>\r\n    <input  type=\"text\" id=\"field_ze2fhe5217afa96\" name=\"item_meta[67]\" value=\"\"  data-invmsg=\"texte est non valide\" aria-invalid=\"false\"   \/>\r\n    \r\n    \r\n<\/div>\n<div id=\"frm_field_68_container\" class=\"frm_form_field form-field  frm_top_container frm_half\">\r\n    <label for=\"field_nqf3j8bd45f30dd\" id=\"field_nqf3j8bd45f30dd_label\" class=\"frm_primary_label\">Address\r\n        <span class=\"frm_required\"><\/span>\r\n    <\/label>\r\n    <input  type=\"text\" id=\"field_nqf3j8bd45f30dd\" name=\"item_meta[68]\" value=\"\"  data-invmsg=\"texte est non valide\" aria-invalid=\"false\"   \/>\r\n    \r\n    \r\n<\/div>\n<div id=\"frm_field_69_container\" class=\"frm_form_field form-field  frm_top_container frm_half frm_first\">\r\n    <label for=\"field_ygh5n8289629ca1\" id=\"field_ygh5n8289629ca1_label\" class=\"frm_primary_label\">City\r\n        <span class=\"frm_required\"><\/span>\r\n    <\/label>\r\n    <input  type=\"text\" id=\"field_ygh5n8289629ca1\" name=\"item_meta[69]\" value=\"\"  data-invmsg=\"texte est non valide\" aria-invalid=\"false\"   \/>\r\n    \r\n    \r\n<\/div>\n<div id=\"frm_field_70_container\" class=\"frm_form_field form-field  frm_required_field frm_top_container frm_half\">\r\n    <label for=\"field_ovx9tfc1f3bf90c\" id=\"field_ovx9tfc1f3bf90c_label\" class=\"frm_primary_label\">Email address\r\n        <span class=\"frm_required\">*<\/span>\r\n    <\/label>\r\n    <input type=\"email\" id=\"field_ovx9tfc1f3bf90c\" name=\"item_meta[70]\" value=\"\"  data-reqmsg=\"Field cannot be empty\" aria-required=\"true\" data-invmsg=\"Email is invalid\" aria-invalid=\"false\"  \/>\r\n    \r\n    \r\n<\/div>\n<div id=\"frm_field_71_container\" class=\"frm_form_field form-field  frm_required_field frm_top_container frm_half frm_first\">\r\n    <label for=\"field_8b8zvaf8c24d898\" id=\"field_8b8zvaf8c24d898_label\" class=\"frm_primary_label\">Phone number\r\n        <span class=\"frm_required\">*<\/span>\r\n    <\/label>\r\n    <input type=\"tel\" id=\"field_8b8zvaf8c24d898\" name=\"item_meta[71]\" value=\"\"  data-reqmsg=\"Field cannot be empty\" aria-required=\"true\" data-invmsg=\"Phone is invalid\" aria-invalid=\"false\" pattern=\"((\\+\\d{1,3}(-|.| )?\\(?\\d\\)?(-| |.)?\\d{1,5})|(\\(?\\d{2,6}\\)?))(-|.| )?(\\d{3,4})(-|.| )?(\\d{4})(( x| ext)\\d{1,5}){0,1}$\"  \/>\r\n    \r\n    \r\n<\/div>\n<div id=\"frm_field_72_container\" class=\"frm_form_field form-field  frm_top_container frm_half\">\r\n    <label for=\"field_wvcifd9534e4655\" id=\"field_wvcifd9534e4655_label\" class=\"frm_primary_label\">Subject\r\n        <span class=\"frm_required\"><\/span>\r\n    <\/label>\r\n    <input  type=\"text\" id=\"field_wvcifd9534e4655\" name=\"item_meta[72]\" value=\"\"  data-invmsg=\"texte est non valide\" aria-invalid=\"false\"   \/>\r\n    \r\n    \r\n<\/div>\n<div id=\"frm_field_73_container\" class=\"frm_form_field form-field  frm_top_container frm_full\">\r\n    <label for=\"field_i045jb3190b7618\" id=\"field_i045jb3190b7618_label\" class=\"frm_primary_label\">Message\r\n        <span class=\"frm_required\"><\/span>\r\n    <\/label>\r\n    <textarea name=\"item_meta[73]\" id=\"field_i045jb3190b7618\" rows=\"5\"  data-invmsg=\"Message is invalid\" aria-invalid=\"false\"  ><\/textarea>\r\n    \r\n    \r\n<\/div>\n<div id=\"frm_field_75_container\" class=\"frm_form_field form-field  frm_required_field frm_top_container frm_full vertical_radio\">\r\n    <div  id=\"field_jihx47bdb441759_label\" class=\"frm_primary_label\">What type of information request are you contacting us about?\r\n        <span class=\"frm_required\">*<\/span>\r\n    <\/div>\r\n    <div class=\"frm_opt_container\" aria-labelledby=\"field_jihx47bdb441759_label\" role=\"radiogroup\" aria-required=\"true\">\t\t<div class=\"frm_radio\" id=\"frm_radio_75-0\">\t\t\t<label  for=\"field_jihx47bdb441759-0\">\n\t\t\t\t\t<input type=\"radio\" name=\"item_meta[75]\" id=\"field_jihx47bdb441759-0\" value=\"information@museehuronwendat.ca\"\n\t\t data-reqmsg=\"Field cannot be empty\" data-invmsg=\"What type of information request are you contacting us about? is invalid\"   \/> School group reservation<\/label><\/div>\n\t\t<div class=\"frm_radio\" id=\"frm_radio_75-2\">\t\t\t<label  for=\"field_jihx47bdb441759-2\">\n\t\t\t\t\t<input type=\"radio\" name=\"item_meta[75]\" id=\"field_jihx47bdb441759-2\" value=\"information@museehuronwendat.ca\"\n\t\t data-reqmsg=\"Field cannot be empty\" data-invmsg=\"What type of information request are you contacting us about? is invalid\"   \/> Corporate and tourist group reservation<\/label><\/div>\n\t\t<div class=\"frm_radio\" id=\"frm_radio_75-3\">\t\t\t<label  for=\"field_jihx47bdb441759-3\">\n\t\t\t\t\t<input type=\"radio\" name=\"item_meta[75]\" id=\"field_jihx47bdb441759-3\" value=\"information@museehuronwendat.ca\"\n\t\t data-reqmsg=\"Field cannot be empty\" data-invmsg=\"What type of information request are you contacting us about? is invalid\"   \/> Rental, filming, event and media<\/label><\/div>\n\t\t<div class=\"frm_radio\" id=\"frm_radio_75-4\">\t\t\t<label  for=\"field_jihx47bdb441759-4\">\n\t\t\t\t\t<input type=\"radio\" name=\"item_meta[75]\" id=\"field_jihx47bdb441759-4\" value=\"conservation@hotelpremiersnations.ca\"\n\t\t data-reqmsg=\"Field cannot be empty\" data-invmsg=\"What type of information request are you contacting us about? is invalid\"   \/> Collections and research<\/label><\/div>\n<\/div>\r\n    \r\n    \r\n<\/div>\n<div id=\"frm_field_76_container\" class=\"frm_form_field frm_section_heading form-field  frm_full\">\r\n<h3 class=\"frm_pos_top frm_section_spacing\">Additional information (for group reservations only)<\/h3>\r\n\r\n\r\n<div id=\"frm_field_77_container\" class=\"frm_form_field form-field  frm_top_container\">\r\n    <label for=\"field_9uezj030a82759a\" id=\"field_9uezj030a82759a_label\" class=\"frm_primary_label\">Date (day\/month\/year)\r\n        <span class=\"frm_required\"><\/span>\r\n    <\/label>\r\n    <input type=\"text\" id=\"field_9uezj030a82759a\" name=\"item_meta[77]\" value=\"\"  data-sectionid=\"76\"  maxlength=\"10\" data-invmsg=\"Date is invalid\" class=\"frm_date\" aria-invalid=\"false\"  \/>\r\n    \r\n    \r\n<\/div>\n<div id=\"frm_field_78_container\" class=\"frm_form_field form-field  frm_top_container frm_half frm_first\">\r\n    <label for=\"field_5xkhkfd4770175f\" id=\"field_5xkhkfd4770175f_label\" class=\"frm_primary_label\">Number of people\r\n        <span class=\"frm_required\"><\/span>\r\n    <\/label>\r\n    <input type=\"number\" id=\"field_5xkhkfd4770175f\" name=\"item_meta[78]\" value=\"\" data-sectionid=\"76\"  data-invmsg=\"Field is invalid\" aria-invalid=\"false\"   min=\"0\" max=\"9999999\" step=\"1\" \/>\r\n    \r\n    \r\n<\/div>\n<div id=\"frm_field_79_container\" class=\"frm_form_field form-field  frm_top_container frm_half\">\r\n    <label for=\"field_kd4tgdac740967f\" id=\"field_kd4tgdac740967f_label\" class=\"frm_primary_label\">Organization\r\n        <span class=\"frm_required\"><\/span>\r\n    <\/label>\r\n    <input  type=\"text\" id=\"field_kd4tgdac740967f\" name=\"item_meta[79]\" value=\"\"  data-sectionid=\"76\"  data-invmsg=\"texte est non valide\" aria-invalid=\"false\"   \/>\r\n    \r\n    \r\n<\/div>\n<div id=\"frm_field_80_container\" class=\"frm_form_field  frm_full frm_html_container form-field\">\n<h3>Activit\u00e9s s\u00e9lectionn\u00e9es<\/h3>\n<\/div>\n<div id=\"frm_field_81_container\" class=\"frm_form_field form-field  frm_top_container frm_half frm_first\">\r\n    <label for=\"field_avxdk381e3dd2f4\" id=\"field_avxdk381e3dd2f4_label\" class=\"frm_primary_label\">List of Activities Offered to General Public Groups\r\n        <span class=\"frm_required\"><\/span>\r\n    <\/label>\r\n    \t\t<select name=\"item_meta[81]\" id=\"field_avxdk381e3dd2f4\"  data-sectionid=\"76\"  data-invmsg=\"List of Activities Offered to General Public Groups est non valide\" aria-invalid=\"false\"  >\n\t\t<option  value=\"Overnight stay in the Ekionkiestha\u2019 national longhouse\">Overnight stay in the Ekionkiestha\u2019 national longhouse<\/option><option  value=\"Taking Place in the Circle Tour\">Taking Place in the Circle Tour<\/option><option  value=\"Audio Tour\">Audio Tour<\/option><option  value=\"Guided Tour\">Guided Tour<\/option><option  value=\"Discovery Tour\">Discovery Tour<\/option><option  value=\"Myths and Legends Activity\">Myths and Legends Activity<\/option><option  value=\"Birthday Celebration\">Birthday Celebration<\/option><option  value=\"Snowshoe Rental\">Snowshoe Rental<\/option><option  value=\"Other Event or Activity\">Other Event or Activity<\/option>\t<\/select>\n\t\r\n    \r\n    \r\n<\/div>\n<div id=\"frm_field_82_container\" class=\"frm_form_field form-field  frm_top_container frm_half\">\r\n    <label for=\"field_hlk70f4c443da92\" id=\"field_hlk70f4c443da92_label\" class=\"frm_primary_label\">List of Educational Activities\r\n        <span class=\"frm_required\"><\/span>\r\n    <\/label>\r\n    \t\t<select name=\"item_meta[82]\" id=\"field_hlk70f4c443da92\"  data-sectionid=\"76\"  data-invmsg=\"List of Educational Activities est non valide\" aria-invalid=\"false\"  >\n\t\t<option  value=\"Following in the Turtle and the Bear\u2019s Footsteps\">Following in the Turtle and the Bear\u2019s Footsteps<\/option><option  value=\"From the longhouse to the wigwam\">From the longhouse to the wigwam<\/option><option  value=\"Ahchiouta\u2019a\u2019s Quest\">Ahchiouta\u2019a\u2019s Quest<\/option><option  value=\"Taking Place in the Circle\">Taking Place in the Circle<\/option><option  value=\"Spirits and Saints\">Spirits and Saints<\/option><option  value=\"Overnight stay in the Ekionkiestha\u2019 national longhouse\">Overnight stay in the Ekionkiestha\u2019 national longhouse<\/option><option  value=\"Guided Tour\">Guided Tour<\/option><option  value=\"Discovery interpreted tour\">Discovery interpreted tour<\/option><option  value=\"Pedagogical kit\">Pedagogical kit<\/option><option  value=\"Tour of the Ekionkiestha\u2019 national longhouse\">Tour of the Ekionkiestha\u2019 national longhouse<\/option><option  value=\"A guide to your school\">A guide to your school<\/option>\t<\/select>\n\t\r\n    <div class=\"frm_description\" id=\"frm_desc_field_hlk70f4c443da92\">(Preschools \/ Elementary Schools \/ Secondary Schools \/ Post-Secondary Schools)<\/div>\r\n    \r\n<\/div>\n<\/div>\n<div id=\"frm_field_84_container\" class=\"frm_form_field form-field  frm_none_container frm_full vertical_radio\">\r\n    <div  id=\"field_tgt5n2c5a3af2f5_label\" class=\"frm_primary_label\">By checking this box, I agree to receive information and\/or promotions about the activities of the Huron-Wendat Museum by email.\r\n        <span class=\"frm_required\"><\/span>\r\n    <\/div>\r\n    <div class=\"frm_opt_container\" aria-labelledby=\"field_tgt5n2c5a3af2f5_label\" role=\"group\">\t\t<div class=\"frm_checkbox\" id=\"frm_checkbox_84-0\">\t\t\t<label  for=\"field_tgt5n2c5a3af2f5-0\">\n\t\t\t<input type=\"checkbox\" name=\"item_meta[84][]\" id=\"field_tgt5n2c5a3af2f5-0\" value=\"By checking this box, I agree to receive information and\/or promotions about the activities of the Huron-Wendat Museum by email.\"  data-invmsg=\"By checking this box, I agree to receive information and\/or promotions about the activities of the Huron-Wendat Museum by email. is invalid\"   \/> By checking this box, I agree to receive information and\/or promotions about the activities of the Huron-Wendat Museum by email.<\/label><\/div>\n<\/div>\r\n    \r\n    \r\n<\/div>\n<div id=\"frm_field_85_container\" class=\"frm_form_field  frm_full frm_html_container form-field\">IMPORTANT: A reservation is only made official upon signature of a contract with the Huron-Wendat Museum. <\/div>\n<div id=\"frm_field_173_container\" class=\"frm_form_field form-field \">\r\n\t<div class=\"frm_submit\">\r\n\r\n<button class=\"frm_button_submit frm_final_submit\" type=\"submit\"   formnovalidate=\"formnovalidate\">Send<\/button>\r\n\r\n<\/div>\r\n<\/div>\n\t<input type=\"hidden\" name=\"item_key\" value=\"\" \/>\n\t\t\t<div id=\"frm_field_175_container\">\n\t\t\t<label for=\"field_ia7lv\" >\n\t\t\t\tIf you are human, leave this field blank.\t\t\t<\/label>\n\t\t\t<input  id=\"field_ia7lv\" type=\"text\" class=\"frm_form_field form-field frm_verify\" name=\"item_meta[175]\" value=\"\"  \/>\n\t\t<\/div>\n\t\t<input name=\"frm_state\" type=\"hidden\" value=\"BPr4kk1a3YrwMxXwC\/TGkwjQiEf6KICBz+8q91NA2tbFB3sMQ4JgO7Pd99tTz02M\" \/><\/div>\n<\/fieldset>\n<\/div>\n\n<\/form>\n<\/div>\n\n","protected":false},"excerpt":{"rendered":"<p> [&#8230;]<\/p>\n<p><a class=\"btn btn-secondary understrap-read-more-link\" href=\"https:\/\/museehuronwendat.ca\/en\/informations\/contact-us-form\/\">Read More&#8230;<span class=\"screen-reader-text\"> from Contact us form<\/span><\/a><\/p>\n","protected":false},"author":1,"featured_media":0,"parent":1221,"menu_order":112,"comment_status":"closed","ping_status":"closed","template":"page-templates\/fullwidthpage.php","meta":{"_acf_changed":false,"footnotes":""},"class_list":["post-1257","page","type-page","status-publish","hentry"],"acf":[],"jetpack_sharing_enabled":true,"_links":{"self":[{"href":"https:\/\/museehuronwendat.ca\/en\/wp-json\/wp\/v2\/pages\/1257","targetHints":{"allow":["GET"]}}],"collection":[{"href":"https:\/\/museehuronwendat.ca\/en\/wp-json\/wp\/v2\/pages"}],"about":[{"href":"https:\/\/museehuronwendat.ca\/en\/wp-json\/wp\/v2\/types\/page"}],"author":[{"embeddable":true,"href":"https:\/\/museehuronwendat.ca\/en\/wp-json\/wp\/v2\/users\/1"}],"replies":[{"embeddable":true,"href":"https:\/\/museehuronwendat.ca\/en\/wp-json\/wp\/v2\/comments?post=1257"}],"version-history":[{"count":3,"href":"https:\/\/museehuronwendat.ca\/en\/wp-json\/wp\/v2\/pages\/1257\/revisions"}],"predecessor-version":[{"id":2292,"href":"https:\/\/museehuronwendat.ca\/en\/wp-json\/wp\/v2\/pages\/1257\/revisions\/2292"}],"up":[{"embeddable":true,"href":"https:\/\/museehuronwendat.ca\/en\/wp-json\/wp\/v2\/pages\/1221"}],"wp:attachment":[{"href":"https:\/\/museehuronwendat.ca\/en\/wp-json\/wp\/v2\/media?parent=1257"}],"curies":[{"name":"wp","href":"https:\/\/api.w.org\/{rel}","templated":true}]}}