{"id":1014,"date":"2021-01-08T16:24:32","date_gmt":"2021-01-08T15:24:32","guid":{"rendered":"http:\/\/dev.museehuronwendat.ca\/?page_id=1014"},"modified":"2022-07-10T22:22:24","modified_gmt":"2022-07-11T02:22:24","slug":"spring-summer","status":"publish","type":"page","link":"https:\/\/museehuronwendat.ca\/en\/the-museum\/seasonal\/spring-summer\/","title":{"rendered":"Spring | Summer"},"content":{"rendered":"<p>With the arrival of spring comes the awakening of nature. To fully benefit from the awakening of Mother Earth, we offer additional activities that feature the enchanting setting that surrounds the Huron-Wendat Museum and the H\u00f4tel-Mus\u00e9e Premi\u00e8res Nations. Come and experience or reexperience our summer activities just minutes from Qu\u00e9bec City where nature and discovery are in the spotlight!<\/p>\n","protected":false},"excerpt":{"rendered":"<p>With the arrival of spring comes the awakening of nature. To fully benefit from the awakening of Mother Earth, we offer additional activities that feature the enchanting setting that surrounds the Huron-Wendat Museum and the H\u00f4tel-Mus\u00e9e Premi\u00e8res Nations. Come and experience or reexperience our summer activities just minutes from Qu\u00e9bec City where nature and discovery [&#8230;]<\/p>\n<p><a class=\"btn btn-secondary understrap-read-more-link\" href=\"https:\/\/museehuronwendat.ca\/en\/the-museum\/seasonal\/spring-summer\/\">Read More&#8230;<span class=\"screen-reader-text\"> from Spring | Summer<\/span><\/a><\/p>\n","protected":false},"author":1,"featured_media":0,"parent":973,"menu_order":46,"comment_status":"closed","ping_status":"closed","template":"","meta":{"_acf_changed":false,"footnotes":""},"class_list":["post-1014","page","type-page","status-publish","hentry"],"acf":[],"jetpack_sharing_enabled":true,"_links":{"self":[{"href":"https:\/\/museehuronwendat.ca\/en\/wp-json\/wp\/v2\/pages\/1014","targetHints":{"allow":["GET"]}}],"collection":[{"href":"https:\/\/museehuronwendat.ca\/en\/wp-json\/wp\/v2\/pages"}],"about":[{"href":"https:\/\/museehuronwendat.ca\/en\/wp-json\/wp\/v2\/types\/page"}],"author":[{"embeddable":true,"href":"https:\/\/museehuronwendat.ca\/en\/wp-json\/wp\/v2\/users\/1"}],"replies":[{"embeddable":true,"href":"https:\/\/museehuronwendat.ca\/en\/wp-json\/wp\/v2\/comments?post=1014"}],"version-history":[{"count":6,"href":"https:\/\/museehuronwendat.ca\/en\/wp-json\/wp\/v2\/pages\/1014\/revisions"}],"predecessor-version":[{"id":3225,"href":"https:\/\/museehuronwendat.ca\/en\/wp-json\/wp\/v2\/pages\/1014\/revisions\/3225"}],"up":[{"embeddable":true,"href":"https:\/\/museehuronwendat.ca\/en\/wp-json\/wp\/v2\/pages\/973"}],"wp:attachment":[{"href":"https:\/\/museehuronwendat.ca\/en\/wp-json\/wp\/v2\/media?parent=1014"}],"curies":[{"name":"wp","href":"https:\/\/api.w.org\/{rel}","templated":true}]}}